{"id":637,"date":"2021-06-24T12:57:50","date_gmt":"2021-06-24T12:57:50","guid":{"rendered":"https:\/\/www.accessprovence.com\/?page_id=637"},"modified":"2023-03-15T10:33:38","modified_gmt":"2023-03-15T10:33:38","slug":"courses-et-transferts","status":"publish","type":"page","link":"https:\/\/www.accessprovence.com\/index.php\/courses-et-transferts\/","title":{"rendered":"Courses et Transferts"},"content":{"rendered":"\t\t<div data-elementor-type=\"wp-page\" data-elementor-id=\"637\" class=\"elementor elementor-637\" data-elementor-post-type=\"page\">\n\t\t\t\t\t\t<section class=\"elementor-section elementor-top-section elementor-element elementor-element-55ae79e elementor-section-boxed elementor-section-height-default elementor-section-height-default\" data-id=\"55ae79e\" data-element_type=\"section\" data-e-type=\"section\" data-settings=\"{&quot;background_background&quot;:&quot;classic&quot;}\">\n\t\t\t\t\t\t\t<div class=\"elementor-background-overlay\"><\/div>\n\t\t\t\t\t\t\t<div class=\"elementor-container elementor-column-gap-default\">\n\t\t\t\t\t<div class=\"elementor-column elementor-col-50 elementor-top-column elementor-element elementor-element-5b6587b\" data-id=\"5b6587b\" data-element_type=\"column\" data-e-type=\"column\">\n\t\t\t<div class=\"elementor-widget-wrap elementor-element-populated\">\n\t\t\t\t\t\t<section class=\"elementor-section elementor-inner-section elementor-element elementor-element-d575d1a elementor-section-boxed elementor-section-height-default elementor-section-height-default\" data-id=\"d575d1a\" data-element_type=\"section\" data-e-type=\"section\">\n\t\t\t\t\t\t<div class=\"elementor-container elementor-column-gap-default\">\n\t\t\t\t\t<div class=\"elementor-column elementor-col-100 elementor-inner-column elementor-element elementor-element-4f4cb30\" data-id=\"4f4cb30\" data-element_type=\"column\" data-e-type=\"column\">\n\t\t\t<div class=\"elementor-widget-wrap elementor-element-populated\">\n\t\t\t\t\t\t<div class=\"elementor-element elementor-element-477e68a elementor-widget elementor-widget-image\" data-id=\"477e68a\" data-element_type=\"widget\" data-e-type=\"widget\" data-widget_type=\"image.default\">\n\t\t\t\t<div class=\"elementor-widget-container\">\n\t\t\t\t\t\t\t\t\t\t\t\t\t\t\t<img decoding=\"async\" width=\"1\" height=\"1\" src=\"https:\/\/www.accessprovence.com\/wp-content\/uploads\/2021\/05\/frise.svg\" class=\"attachment-large size-large wp-image-50\" alt=\"\" \/>\t\t\t\t\t\t\t\t\t\t\t\t\t\t\t<\/div>\n\t\t\t\t<\/div>\n\t\t\t\t<div class=\"elementor-element elementor-element-76c8099 elementor-widget elementor-widget-heading\" data-id=\"76c8099\" data-element_type=\"widget\" data-e-type=\"widget\" data-widget_type=\"heading.default\">\n\t\t\t\t<div class=\"elementor-widget-container\">\n\t\t\t\t\t<h2 class=\"elementor-heading-title elementor-size-default\">COURSES &amp;<br \/>TRANSFERTS<\/h2>\t\t\t\t<\/div>\n\t\t\t\t<\/div>\n\t\t\t\t<div class=\"elementor-element elementor-element-e17802a elementor-widget elementor-widget-text-editor\" data-id=\"e17802a\" data-element_type=\"widget\" data-e-type=\"widget\" data-widget_type=\"text-editor.default\">\n\t\t\t\t<div class=\"elementor-widget-container\">\n\t\t\t\t\t\t\t\t\t<p>Qu&rsquo;il soit question d&rsquo;un transfert en aller simple ou en aller \/retour, l&rsquo;exactitude est la premi\u00e8re marche du service de qualit\u00e9. Votre s\u00e9curit\u00e9, votre confort et un juste prix, viennent parfaire notre prestation.<\/p><p>Marseille intra-muros, Aix, A\u00e9roport, TGV, Toulon&#8230; trois\u00a0 berlines de trois places passagers et un Van de huit places passagers sont \u00e0 votre service au quotidien, au d\u00e9part de nos deux bases, Marseille ou Toulon.<\/p>\t\t\t\t\t\t\t\t<\/div>\n\t\t\t\t<\/div>\n\t\t\t\t<div class=\"elementor-element elementor-element-4dc9328 elementor-widget elementor-widget-gallery\" data-id=\"4dc9328\" data-element_type=\"widget\" data-e-type=\"widget\" data-settings=\"{&quot;columns&quot;:3,&quot;columns_tablet&quot;:4,&quot;aspect_ratio&quot;:&quot;1:1&quot;,&quot;lazyload&quot;:&quot;yes&quot;,&quot;gallery_layout&quot;:&quot;grid&quot;,&quot;columns_mobile&quot;:1,&quot;gap&quot;:{&quot;unit&quot;:&quot;px&quot;,&quot;size&quot;:10,&quot;sizes&quot;:[]},&quot;gap_tablet&quot;:{&quot;unit&quot;:&quot;px&quot;,&quot;size&quot;:10,&quot;sizes&quot;:[]},&quot;gap_mobile&quot;:{&quot;unit&quot;:&quot;px&quot;,&quot;size&quot;:10,&quot;sizes&quot;:[]},&quot;link_to&quot;:&quot;file&quot;,&quot;overlay_background&quot;:&quot;yes&quot;,&quot;content_hover_animation&quot;:&quot;fade-in&quot;}\" data-widget_type=\"gallery.default\">\n\t\t\t\t<div class=\"elementor-widget-container\">\n\t\t\t\t\t\t\t<div class=\"elementor-gallery__container\">\n\t\t\t\t\t\t\t<a class=\"e-gallery-item elementor-gallery-item elementor-animated-content\" href=\"https:\/\/www.accessprovence.com\/wp-content\/uploads\/2022\/01\/Trip2019.jpg\" data-elementor-open-lightbox=\"yes\" data-elementor-lightbox-slideshow=\"4dc9328\" data-elementor-lightbox-title=\"Trip2019\" data-e-action-hash=\"#elementor-action%3Aaction%3Dlightbox%26settings%3DeyJpZCI6MTAwNSwidXJsIjoiaHR0cHM6XC9cL3d3dy5hY2Nlc3Nwcm92ZW5jZS5jb21cL3dwLWNvbnRlbnRcL3VwbG9hZHNcLzIwMjJcLzAxXC9UcmlwMjAxOS5qcGciLCJzbGlkZXNob3ciOiI0ZGM5MzI4In0%3D\">\n\t\t\t\t\t<div class=\"e-gallery-image elementor-gallery-item__image\" data-thumbnail=\"https:\/\/www.accessprovence.com\/wp-content\/uploads\/2022\/01\/Trip2019-300x297.jpg\" data-width=\"300\" data-height=\"297\" aria-label=\"\" role=\"img\" ><\/div>\n\t\t\t\t\t\t\t\t\t\t\t<div class=\"elementor-gallery-item__overlay\"><\/div>\n\t\t\t\t\t\t\t\t\t\t\t\t\t\t<\/a>\n\t\t\t\t\t\t\t<a class=\"e-gallery-item elementor-gallery-item elementor-animated-content\" href=\"https:\/\/www.accessprovence.com\/wp-content\/uploads\/2022\/01\/20210323_101136_resized.jpg\" data-elementor-open-lightbox=\"yes\" data-elementor-lightbox-slideshow=\"4dc9328\" data-elementor-lightbox-title=\"20210323_101136_resized\" data-e-action-hash=\"#elementor-action%3Aaction%3Dlightbox%26settings%3DeyJpZCI6OTIyLCJ1cmwiOiJodHRwczpcL1wvd3d3LmFjY2Vzc3Byb3ZlbmNlLmNvbVwvd3AtY29udGVudFwvdXBsb2Fkc1wvMjAyMlwvMDFcLzIwMjEwMzIzXzEwMTEzNl9yZXNpemVkLmpwZyIsInNsaWRlc2hvdyI6IjRkYzkzMjgifQ%3D%3D\">\n\t\t\t\t\t<div class=\"e-gallery-image elementor-gallery-item__image\" data-thumbnail=\"https:\/\/www.accessprovence.com\/wp-content\/uploads\/2022\/01\/20210323_101136_resized-300x225.jpg\" data-width=\"300\" data-height=\"225\" aria-label=\"\" role=\"img\" ><\/div>\n\t\t\t\t\t\t\t\t\t\t\t<div class=\"elementor-gallery-item__overlay\"><\/div>\n\t\t\t\t\t\t\t\t\t\t\t\t\t\t<\/a>\n\t\t\t\t\t\t\t<a class=\"e-gallery-item elementor-gallery-item elementor-animated-content\" href=\"https:\/\/www.accessprovence.com\/wp-content\/uploads\/2022\/01\/vitosalon-scaled.jpg\" data-elementor-open-lightbox=\"yes\" data-elementor-lightbox-slideshow=\"4dc9328\" data-elementor-lightbox-title=\"vitosalon\" data-e-action-hash=\"#elementor-action%3Aaction%3Dlightbox%26settings%3DeyJpZCI6MTAwNywidXJsIjoiaHR0cHM6XC9cL3d3dy5hY2Nlc3Nwcm92ZW5jZS5jb21cL3dwLWNvbnRlbnRcL3VwbG9hZHNcLzIwMjJcLzAxXC92aXRvc2Fsb24tc2NhbGVkLmpwZyIsInNsaWRlc2hvdyI6IjRkYzkzMjgifQ%3D%3D\">\n\t\t\t\t\t<div class=\"e-gallery-image elementor-gallery-item__image\" data-thumbnail=\"https:\/\/www.accessprovence.com\/wp-content\/uploads\/2022\/01\/vitosalon-225x300.jpg\" data-width=\"225\" data-height=\"300\" aria-label=\"\" role=\"img\" ><\/div>\n\t\t\t\t\t\t\t\t\t\t\t<div class=\"elementor-gallery-item__overlay\"><\/div>\n\t\t\t\t\t\t\t\t\t\t\t\t\t\t<\/a>\n\t\t\t\t\t\t\t<a class=\"e-gallery-item elementor-gallery-item elementor-animated-content\" href=\"https:\/\/www.accessprovence.com\/wp-content\/uploads\/2022\/01\/20210226_165704_resized.jpg\" data-elementor-open-lightbox=\"yes\" data-elementor-lightbox-slideshow=\"4dc9328\" data-elementor-lightbox-title=\"20210226_165704_resized\" data-e-action-hash=\"#elementor-action%3Aaction%3Dlightbox%26settings%3DeyJpZCI6OTIwLCJ1cmwiOiJodHRwczpcL1wvd3d3LmFjY2Vzc3Byb3ZlbmNlLmNvbVwvd3AtY29udGVudFwvdXBsb2Fkc1wvMjAyMlwvMDFcLzIwMjEwMjI2XzE2NTcwNF9yZXNpemVkLmpwZyIsInNsaWRlc2hvdyI6IjRkYzkzMjgifQ%3D%3D\">\n\t\t\t\t\t<div class=\"e-gallery-image elementor-gallery-item__image\" data-thumbnail=\"https:\/\/www.accessprovence.com\/wp-content\/uploads\/2022\/01\/20210226_165704_resized-252x300.jpg\" data-width=\"252\" data-height=\"300\" aria-label=\"\" role=\"img\" ><\/div>\n\t\t\t\t\t\t\t\t\t\t\t<div class=\"elementor-gallery-item__overlay\"><\/div>\n\t\t\t\t\t\t\t\t\t\t\t\t\t\t<\/a>\n\t\t\t\t\t\t\t<a class=\"e-gallery-item elementor-gallery-item elementor-animated-content\" href=\"https:\/\/www.accessprovence.com\/wp-content\/uploads\/2023\/03\/20221219_162018-scaled.jpg\" data-elementor-open-lightbox=\"yes\" data-elementor-lightbox-slideshow=\"4dc9328\" data-elementor-lightbox-title=\"20221219_162018\" data-e-action-hash=\"#elementor-action%3Aaction%3Dlightbox%26settings%3DeyJpZCI6MTQ5OSwidXJsIjoiaHR0cHM6XC9cL3d3dy5hY2Nlc3Nwcm92ZW5jZS5jb21cL3dwLWNvbnRlbnRcL3VwbG9hZHNcLzIwMjNcLzAzXC8yMDIyMTIxOV8xNjIwMTgtc2NhbGVkLmpwZyIsInNsaWRlc2hvdyI6IjRkYzkzMjgifQ%3D%3D\">\n\t\t\t\t\t<div class=\"e-gallery-image elementor-gallery-item__image\" data-thumbnail=\"https:\/\/www.accessprovence.com\/wp-content\/uploads\/2023\/03\/20221219_162018-300x272.jpg\" data-width=\"300\" data-height=\"272\" aria-label=\"\" role=\"img\" ><\/div>\n\t\t\t\t\t\t\t\t\t\t\t<div class=\"elementor-gallery-item__overlay\"><\/div>\n\t\t\t\t\t\t\t\t\t\t\t\t\t\t<\/a>\n\t\t\t\t\t<\/div>\n\t\t\t\t\t<\/div>\n\t\t\t\t<\/div>\n\t\t\t\t<div class=\"elementor-element elementor-element-54612d0 elementor-align-left elementor-widget elementor-widget-button\" data-id=\"54612d0\" data-element_type=\"widget\" data-e-type=\"widget\" data-widget_type=\"button.default\">\n\t\t\t\t<div class=\"elementor-widget-container\">\n\t\t\t\t\t\t\t\t\t<div class=\"elementor-button-wrapper\">\n\t\t\t\t\t<a class=\"elementor-button elementor-button-link elementor-size-sm\" href=\"#elementor-action%3Aaction%3Dpopup%3Aopen%26settings%3DeyJpZCI6IjEwMSIsInRvZ2dsZSI6ZmFsc2V9\">\n\t\t\t\t\t\t<span class=\"elementor-button-content-wrapper\">\n\t\t\t\t\t\t\t\t\t<span class=\"elementor-button-text\">Nous contacter pour plus d'informations<\/span>\n\t\t\t\t\t<\/span>\n\t\t\t\t\t<\/a>\n\t\t\t\t<\/div>\n\t\t\t\t\t\t\t\t<\/div>\n\t\t\t\t<\/div>\n\t\t\t\t\t<\/div>\n\t\t<\/div>\n\t\t\t\t\t<\/div>\n\t\t<\/section>\n\t\t\t\t\t<\/div>\n\t\t<\/div>\n\t\t\t\t<div class=\"elementor-column elementor-col-50 elementor-top-column elementor-element elementor-element-a258a2c\" data-id=\"a258a2c\" data-element_type=\"column\" data-e-type=\"column\">\n\t\t\t<div class=\"elementor-widget-wrap elementor-element-populated\">\n\t\t\t\t\t\t<section class=\"elementor-section elementor-inner-section elementor-element elementor-element-084954c elementor-section-boxed elementor-section-height-default elementor-section-height-default\" data-id=\"084954c\" data-element_type=\"section\" data-e-type=\"section\" data-settings=\"{&quot;background_background&quot;:&quot;classic&quot;}\">\n\t\t\t\t\t\t\t<div class=\"elementor-background-overlay\"><\/div>\n\t\t\t\t\t\t\t<div class=\"elementor-container elementor-column-gap-default\">\n\t\t\t\t\t<div class=\"elementor-column elementor-col-100 elementor-inner-column elementor-element elementor-element-397e504\" data-id=\"397e504\" data-element_type=\"column\" data-e-type=\"column\" data-settings=\"{&quot;background_background&quot;:&quot;classic&quot;}\">\n\t\t\t<div class=\"elementor-widget-wrap elementor-element-populated\">\n\t\t\t\t\t\t<div class=\"elementor-element elementor-element-ca66bc2 elementor-widget elementor-widget-text-editor\" data-id=\"ca66bc2\" data-element_type=\"widget\" data-e-type=\"widget\" data-widget_type=\"text-editor.default\">\n\t\t\t\t<div class=\"elementor-widget-container\">\n\t\t\t\t\t\t\t\t\t<p><strong>Enfin, la conciergerie vous propose diff\u00e9rents services, sur mesure&#8230;<\/strong><\/p>\t\t\t\t\t\t\t\t<\/div>\n\t\t\t\t<\/div>\n\t\t\t\t<div class=\"elementor-element elementor-element-53f456f elementor-widget elementor-widget-text-editor\" data-id=\"53f456f\" data-element_type=\"widget\" data-e-type=\"widget\" data-widget_type=\"text-editor.default\">\n\t\t\t\t<div class=\"elementor-widget-container\">\n\t\t\t\t\t\t\t\t\t<p>Vous pouvez \u00e9galement avoir besoin de temps, avoir plusieurs destinations et nous demander une mise \u00e0 disposition \u00e0 l&rsquo;heure, \u00e0 la demi-journ\u00e9e, \u00e0 la journ\u00e9e.<\/p><p><strong>C&rsquo;est vous le d\u00e9cideur, nous nous adaptons !<\/strong><\/p>\t\t\t\t\t\t\t\t<\/div>\n\t\t\t\t<\/div>\n\t\t\t\t<div class=\"elementor-element elementor-element-bee84d9 elementor-widget elementor-widget-text-editor\" data-id=\"bee84d9\" data-element_type=\"widget\" data-e-type=\"widget\" data-widget_type=\"text-editor.default\">\n\t\t\t\t<div class=\"elementor-widget-container\">\n\t\t\t\t\t\t\t\t\t<p><b>Une envie de voyager au long cours ? <br>Nous avons l&rsquo;habitude d&rsquo;effectuer de longs trajets, en Van, car le confort est encore plus important quand on va loin&#8230;<\/b><\/p>\n<p><b>En famille ou entre amis, le voyage devient bien plus sympa et agr\u00e9able.<\/b><\/p>\n<p><b>La carte ci-contre, vous donne une id\u00e9e des trajets effectu\u00e9s depuis 2019, majoritairement en VAN,&nbsp;<span style=\"color: var( --e-global-color-6418b98 );\">&nbsp;trac\u00e9s par Google.<\/span><\/b><\/p>\t\t\t\t\t\t\t\t<\/div>\n\t\t\t\t<\/div>\n\t\t\t\t<div class=\"elementor-element elementor-element-91a705e elementor-widget elementor-widget-text-editor\" data-id=\"91a705e\" data-element_type=\"widget\" data-e-type=\"widget\" data-widget_type=\"text-editor.default\">\n\t\t\t\t<div class=\"elementor-widget-container\">\n\t\t\t\t\t\t\t\t\t<p>La mise \u00e0 disposition \u00e0 l\u2019heure, \u00e0 la demi-journ\u00e9e, \u00e0 la journ\u00e9e, \u00e0 prix pr\u00e9f\u00e9rentiel.<\/p>\t\t\t\t\t\t\t\t<\/div>\n\t\t\t\t<\/div>\n\t\t\t\t\t<\/div>\n\t\t<\/div>\n\t\t\t\t\t<\/div>\n\t\t<\/section>\n\t\t\t\t\t<\/div>\n\t\t<\/div>\n\t\t\t\t\t<\/div>\n\t\t<\/section>\n\t\t\t\t<\/div>\n\t\t","protected":false},"excerpt":{"rendered":"<p>COURSES &#038;TRANSFERTS Qu&rsquo;il soit question d&rsquo;un transfert en aller simple ou en aller \/retour, l&rsquo;exactitude est la premi\u00e8re marche du service de qualit\u00e9. Votre s\u00e9curit\u00e9, votre confort et un juste prix, viennent parfaire notre prestation. Marseille intra-muros, Aix, A\u00e9roport, TGV, Toulon&#8230; trois\u00a0 berlines de trois places passagers et un Van de huit places passagers sont [&hellip;]<\/p>\n","protected":false},"author":1,"featured_media":0,"parent":0,"menu_order":0,"comment_status":"closed","ping_status":"closed","template":"","meta":{"_acf_changed":false,"footnotes":""},"class_list":["post-637","page","type-page","status-publish","hentry"],"acf":[],"yoast_head":"<!-- This site is optimized with the Yoast SEO plugin v27.4 - https:\/\/yoast.com\/product\/yoast-seo-wordpress\/ -->\n<title>Courses et Transferts - Access Provence<\/title>\n<meta name=\"robots\" content=\"index, follow, max-snippet:-1, max-image-preview:large, max-video-preview:-1\" \/>\n<link rel=\"canonical\" href=\"https:\/\/www.accessprovence.com\/index.php\/courses-et-transferts\/\" \/>\n<meta property=\"og:locale\" content=\"fr_FR\" \/>\n<meta property=\"og:type\" content=\"article\" \/>\n<meta property=\"og:title\" content=\"Courses et Transferts - Access Provence\" \/>\n<meta property=\"og:description\" content=\"COURSES &#038;TRANSFERTS Qu&rsquo;il soit question d&rsquo;un transfert en aller simple ou en aller \/retour, l&rsquo;exactitude est la premi\u00e8re marche du service de qualit\u00e9. Votre s\u00e9curit\u00e9, votre confort et un juste prix, viennent parfaire notre prestation. Marseille intra-muros, Aix, A\u00e9roport, TGV, Toulon&#8230; trois\u00a0 berlines de trois places passagers et un Van de huit places passagers sont [&hellip;]\" \/>\n<meta property=\"og:url\" content=\"https:\/\/www.accessprovence.com\/index.php\/courses-et-transferts\/\" \/>\n<meta property=\"og:site_name\" content=\"Access Provence\" \/>\n<meta property=\"article:modified_time\" content=\"2023-03-15T10:33:38+00:00\" \/>\n<meta property=\"og:image\" content=\"https:\/\/www.accessprovence.com\/wp-content\/uploads\/2021\/05\/frise.svg\" \/>\n<meta name=\"twitter:card\" content=\"summary_large_image\" \/>\n<meta name=\"twitter:label1\" content=\"Dur\u00e9e de lecture estim\u00e9e\" \/>\n\t<meta name=\"twitter:data1\" content=\"2 minutes\" \/>\n<script type=\"application\/ld+json\" class=\"yoast-schema-graph\">{\"@context\":\"https:\\\/\\\/schema.org\",\"@graph\":[{\"@type\":\"WebPage\",\"@id\":\"https:\\\/\\\/www.accessprovence.com\\\/index.php\\\/courses-et-transferts\\\/\",\"url\":\"https:\\\/\\\/www.accessprovence.com\\\/index.php\\\/courses-et-transferts\\\/\",\"name\":\"Courses et Transferts - Access Provence\",\"isPartOf\":{\"@id\":\"https:\\\/\\\/www.accessprovence.com\\\/#website\"},\"primaryImageOfPage\":{\"@id\":\"https:\\\/\\\/www.accessprovence.com\\\/index.php\\\/courses-et-transferts\\\/#primaryimage\"},\"image\":{\"@id\":\"https:\\\/\\\/www.accessprovence.com\\\/index.php\\\/courses-et-transferts\\\/#primaryimage\"},\"thumbnailUrl\":\"https:\\\/\\\/www.accessprovence.com\\\/wp-content\\\/uploads\\\/2021\\\/05\\\/frise.svg\",\"datePublished\":\"2021-06-24T12:57:50+00:00\",\"dateModified\":\"2023-03-15T10:33:38+00:00\",\"breadcrumb\":{\"@id\":\"https:\\\/\\\/www.accessprovence.com\\\/index.php\\\/courses-et-transferts\\\/#breadcrumb\"},\"inLanguage\":\"fr-FR\",\"potentialAction\":[{\"@type\":\"ReadAction\",\"target\":[\"https:\\\/\\\/www.accessprovence.com\\\/index.php\\\/courses-et-transferts\\\/\"]}]},{\"@type\":\"ImageObject\",\"inLanguage\":\"fr-FR\",\"@id\":\"https:\\\/\\\/www.accessprovence.com\\\/index.php\\\/courses-et-transferts\\\/#primaryimage\",\"url\":\"https:\\\/\\\/www.accessprovence.com\\\/wp-content\\\/uploads\\\/2021\\\/05\\\/frise.svg\",\"contentUrl\":\"https:\\\/\\\/www.accessprovence.com\\\/wp-content\\\/uploads\\\/2021\\\/05\\\/frise.svg\"},{\"@type\":\"BreadcrumbList\",\"@id\":\"https:\\\/\\\/www.accessprovence.com\\\/index.php\\\/courses-et-transferts\\\/#breadcrumb\",\"itemListElement\":[{\"@type\":\"ListItem\",\"position\":1,\"name\":\"Home\",\"item\":\"https:\\\/\\\/www.accessprovence.com\\\/\"},{\"@type\":\"ListItem\",\"position\":2,\"name\":\"Courses et Transferts\"}]},{\"@type\":\"WebSite\",\"@id\":\"https:\\\/\\\/www.accessprovence.com\\\/#website\",\"url\":\"https:\\\/\\\/www.accessprovence.com\\\/\",\"name\":\"Access Provence\",\"description\":\"Services de transport de passagers - V\u00e9hicules avec chauffeur - Tours guid\u00e9s\",\"publisher\":{\"@id\":\"https:\\\/\\\/www.accessprovence.com\\\/#organization\"},\"potentialAction\":[{\"@type\":\"SearchAction\",\"target\":{\"@type\":\"EntryPoint\",\"urlTemplate\":\"https:\\\/\\\/www.accessprovence.com\\\/?s={search_term_string}\"},\"query-input\":{\"@type\":\"PropertyValueSpecification\",\"valueRequired\":true,\"valueName\":\"search_term_string\"}}],\"inLanguage\":\"fr-FR\"},{\"@type\":\"Organization\",\"@id\":\"https:\\\/\\\/www.accessprovence.com\\\/#organization\",\"name\":\"Access Provence\",\"url\":\"https:\\\/\\\/www.accessprovence.com\\\/\",\"logo\":{\"@type\":\"ImageObject\",\"inLanguage\":\"fr-FR\",\"@id\":\"https:\\\/\\\/www.accessprovence.com\\\/#\\\/schema\\\/logo\\\/image\\\/\",\"url\":\"https:\\\/\\\/www.accessprovence.com\\\/wp-content\\\/uploads\\\/2021\\\/05\\\/logo-blanc-final.png\",\"contentUrl\":\"https:\\\/\\\/www.accessprovence.com\\\/wp-content\\\/uploads\\\/2021\\\/05\\\/logo-blanc-final.png\",\"width\":509,\"height\":197,\"caption\":\"Access Provence\"},\"image\":{\"@id\":\"https:\\\/\\\/www.accessprovence.com\\\/#\\\/schema\\\/logo\\\/image\\\/\"}}]}<\/script>\n<!-- \/ Yoast SEO plugin. -->","yoast_head_json":{"title":"Courses et Transferts - Access Provence","robots":{"index":"index","follow":"follow","max-snippet":"max-snippet:-1","max-image-preview":"max-image-preview:large","max-video-preview":"max-video-preview:-1"},"canonical":"https:\/\/www.accessprovence.com\/index.php\/courses-et-transferts\/","og_locale":"fr_FR","og_type":"article","og_title":"Courses et Transferts - Access Provence","og_description":"COURSES &#038;TRANSFERTS Qu&rsquo;il soit question d&rsquo;un transfert en aller simple ou en aller \/retour, l&rsquo;exactitude est la premi\u00e8re marche du service de qualit\u00e9. Votre s\u00e9curit\u00e9, votre confort et un juste prix, viennent parfaire notre prestation. Marseille intra-muros, Aix, A\u00e9roport, TGV, Toulon&#8230; trois\u00a0 berlines de trois places passagers et un Van de huit places passagers sont [&hellip;]","og_url":"https:\/\/www.accessprovence.com\/index.php\/courses-et-transferts\/","og_site_name":"Access Provence","article_modified_time":"2023-03-15T10:33:38+00:00","og_image":[{"url":"https:\/\/www.accessprovence.com\/wp-content\/uploads\/2021\/05\/frise.svg","type":"","width":"","height":""}],"twitter_card":"summary_large_image","twitter_misc":{"Dur\u00e9e de lecture estim\u00e9e":"2 minutes"},"schema":{"@context":"https:\/\/schema.org","@graph":[{"@type":"WebPage","@id":"https:\/\/www.accessprovence.com\/index.php\/courses-et-transferts\/","url":"https:\/\/www.accessprovence.com\/index.php\/courses-et-transferts\/","name":"Courses et Transferts - Access Provence","isPartOf":{"@id":"https:\/\/www.accessprovence.com\/#website"},"primaryImageOfPage":{"@id":"https:\/\/www.accessprovence.com\/index.php\/courses-et-transferts\/#primaryimage"},"image":{"@id":"https:\/\/www.accessprovence.com\/index.php\/courses-et-transferts\/#primaryimage"},"thumbnailUrl":"https:\/\/www.accessprovence.com\/wp-content\/uploads\/2021\/05\/frise.svg","datePublished":"2021-06-24T12:57:50+00:00","dateModified":"2023-03-15T10:33:38+00:00","breadcrumb":{"@id":"https:\/\/www.accessprovence.com\/index.php\/courses-et-transferts\/#breadcrumb"},"inLanguage":"fr-FR","potentialAction":[{"@type":"ReadAction","target":["https:\/\/www.accessprovence.com\/index.php\/courses-et-transferts\/"]}]},{"@type":"ImageObject","inLanguage":"fr-FR","@id":"https:\/\/www.accessprovence.com\/index.php\/courses-et-transferts\/#primaryimage","url":"https:\/\/www.accessprovence.com\/wp-content\/uploads\/2021\/05\/frise.svg","contentUrl":"https:\/\/www.accessprovence.com\/wp-content\/uploads\/2021\/05\/frise.svg"},{"@type":"BreadcrumbList","@id":"https:\/\/www.accessprovence.com\/index.php\/courses-et-transferts\/#breadcrumb","itemListElement":[{"@type":"ListItem","position":1,"name":"Home","item":"https:\/\/www.accessprovence.com\/"},{"@type":"ListItem","position":2,"name":"Courses et Transferts"}]},{"@type":"WebSite","@id":"https:\/\/www.accessprovence.com\/#website","url":"https:\/\/www.accessprovence.com\/","name":"Access Provence","description":"Services de transport de passagers - V\u00e9hicules avec chauffeur - Tours guid\u00e9s","publisher":{"@id":"https:\/\/www.accessprovence.com\/#organization"},"potentialAction":[{"@type":"SearchAction","target":{"@type":"EntryPoint","urlTemplate":"https:\/\/www.accessprovence.com\/?s={search_term_string}"},"query-input":{"@type":"PropertyValueSpecification","valueRequired":true,"valueName":"search_term_string"}}],"inLanguage":"fr-FR"},{"@type":"Organization","@id":"https:\/\/www.accessprovence.com\/#organization","name":"Access Provence","url":"https:\/\/www.accessprovence.com\/","logo":{"@type":"ImageObject","inLanguage":"fr-FR","@id":"https:\/\/www.accessprovence.com\/#\/schema\/logo\/image\/","url":"https:\/\/www.accessprovence.com\/wp-content\/uploads\/2021\/05\/logo-blanc-final.png","contentUrl":"https:\/\/www.accessprovence.com\/wp-content\/uploads\/2021\/05\/logo-blanc-final.png","width":509,"height":197,"caption":"Access Provence"},"image":{"@id":"https:\/\/www.accessprovence.com\/#\/schema\/logo\/image\/"}}]}},"_links":{"self":[{"href":"https:\/\/www.accessprovence.com\/index.php\/wp-json\/wp\/v2\/pages\/637","targetHints":{"allow":["GET"]}}],"collection":[{"href":"https:\/\/www.accessprovence.com\/index.php\/wp-json\/wp\/v2\/pages"}],"about":[{"href":"https:\/\/www.accessprovence.com\/index.php\/wp-json\/wp\/v2\/types\/page"}],"author":[{"embeddable":true,"href":"https:\/\/www.accessprovence.com\/index.php\/wp-json\/wp\/v2\/users\/1"}],"replies":[{"embeddable":true,"href":"https:\/\/www.accessprovence.com\/index.php\/wp-json\/wp\/v2\/comments?post=637"}],"version-history":[{"count":5,"href":"https:\/\/www.accessprovence.com\/index.php\/wp-json\/wp\/v2\/pages\/637\/revisions"}],"predecessor-version":[{"id":1503,"href":"https:\/\/www.accessprovence.com\/index.php\/wp-json\/wp\/v2\/pages\/637\/revisions\/1503"}],"wp:attachment":[{"href":"https:\/\/www.accessprovence.com\/index.php\/wp-json\/wp\/v2\/media?parent=637"}],"curies":[{"name":"wp","href":"https:\/\/api.w.org\/{rel}","templated":true}]}}